{"id":308,"date":"2022-08-10T09:22:43","date_gmt":"2022-08-10T14:22:43","guid":{"rendered":"https:\/\/basicas.utp.edu.co\/doctorado-en-ciencias\/?page_id=308"},"modified":"2023-02-16T17:35:29","modified_gmt":"2023-02-16T22:35:29","slug":"plan-de-estudios","status":"publish","type":"page","link":"https:\/\/basicas.utp.edu.co\/doctorado-en-ciencias\/plan-de-estudios\/","title":{"rendered":"Plan de Estudios"},"content":{"rendered":"\n<p><span class=\"post-content__span\"> L\u00ednea Biolog\u00eda<\/p>\n\n\n\n<p><span class=\"post-content__span\"> L\u00ednea Qu\u00edmica<\/p>\n\n\n\n<p><span class=\"post-content__span\"> L\u00ednea F\u00edsica<\/p>\n\n\n\n<p><span class=\"post-content__span\"> L\u00ednea Matem\u00e1ticas<\/p>\n","protected":false},"excerpt":{"rendered":"<p>L\u00ednea Biolog\u00eda L\u00ednea Qu\u00edmica L\u00ednea F\u00edsica L\u00ednea Matem\u00e1ticas<\/p>\n","protected":false},"author":1,"featured_media":0,"parent":0,"menu_order":0,"comment_status":"closed","ping_status":"closed","template":"page-planEstudio.php","meta":{"footnotes":""},"class_list":["post-308","page","type-page","status-publish","hentry"],"_links":{"self":[{"href":"https:\/\/basicas.utp.edu.co\/doctorado-en-ciencias\/wp-json\/wp\/v2\/pages\/308","targetHints":{"allow":["GET"]}}],"collection":[{"href":"https:\/\/basicas.utp.edu.co\/doctorado-en-ciencias\/wp-json\/wp\/v2\/pages"}],"about":[{"href":"https:\/\/basicas.utp.edu.co\/doctorado-en-ciencias\/wp-json\/wp\/v2\/types\/page"}],"author":[{"embeddable":true,"href":"https:\/\/basicas.utp.edu.co\/doctorado-en-ciencias\/wp-json\/wp\/v2\/users\/1"}],"replies":[{"embeddable":true,"href":"https:\/\/basicas.utp.edu.co\/doctorado-en-ciencias\/wp-json\/wp\/v2\/comments?post=308"}],"version-history":[{"count":2,"href":"https:\/\/basicas.utp.edu.co\/doctorado-en-ciencias\/wp-json\/wp\/v2\/pages\/308\/revisions"}],"predecessor-version":[{"id":10172,"href":"https:\/\/basicas.utp.edu.co\/doctorado-en-ciencias\/wp-json\/wp\/v2\/pages\/308\/revisions\/10172"}],"wp:attachment":[{"href":"https:\/\/basicas.utp.edu.co\/doctorado-en-ciencias\/wp-json\/wp\/v2\/media?parent=308"}],"curies":[{"name":"wp","href":"https:\/\/api.w.org\/{rel}","templated":true}]}}