{"id":648,"date":"2022-08-09T14:12:31","date_gmt":"2022-08-09T19:12:31","guid":{"rendered":"https:\/\/basicas.utp.edu.co\/especializacion-en-ensenanza-de-la-fisica\/?page_id=648"},"modified":"2023-03-03T16:13:02","modified_gmt":"2023-03-03T21:13:02","slug":"inversion-y-financiacion","status":"publish","type":"page","link":"https:\/\/basicas.utp.edu.co\/especializacion-en-ensenanza-de-la-fisica\/inversion-y-financiacion\/","title":{"rendered":"Inversi\u00f3n y Financiaci\u00f3n"},"content":{"rendered":"\n<p><span class=\"post-content__span\"> Valor de la matr\u00edcula: 6SMMLV <\/p>\n\n\n\n<figure class=\"wp-block-image size-large\"><img loading=\"lazy\" decoding=\"async\" width=\"1024\" height=\"1024\" src=\"https:\/\/media2.utp.edu.co\/programas\/36\/Senior-care-services-instagram-template-Hecho-con-PosterMyWall-1024x1024.jpg\" alt=\"M\u00e9todos para la inversi\u00f3n y financiaci\u00f3n\" class=\"wp-image-749\" srcset=\"https:\/\/media2.utp.edu.co\/programas\/36\/Senior-care-services-instagram-template-Hecho-con-PosterMyWall-1024x1024.jpg 1024w, https:\/\/media2.utp.edu.co\/programas\/36\/Senior-care-services-instagram-template-Hecho-con-PosterMyWall-300x300.jpg 300w, https:\/\/media2.utp.edu.co\/programas\/36\/Senior-care-services-instagram-template-Hecho-con-PosterMyWall-150x150.jpg 150w, https:\/\/media2.utp.edu.co\/programas\/36\/Senior-care-services-instagram-template-Hecho-con-PosterMyWall-768x768.jpg 768w, https:\/\/media2.utp.edu.co\/programas\/36\/Senior-care-services-instagram-template-Hecho-con-PosterMyWall.jpg 1080w\" sizes=\"auto, (max-width: 1024px) 100vw, 1024px\" \/><\/figure>\n\n\n\n<div class=\"wp-block-columns is-layout-flex wp-container-core-columns-is-layout-9d6595d7 wp-block-columns-is-layout-flex\">\n<div class=\"wp-block-column is-layout-flow wp-block-column-is-layout-flow\" style=\"flex-basis:100%\">\n<figure class=\"wp-block-image size-large\"><img loading=\"lazy\" decoding=\"async\" width=\"1024\" height=\"576\" src=\"https:\/\/media2.utp.edu.co\/programas\/36\/Online-Workshop-Virtual-Meeting-Webinar-Hecho-con-PosterMyWall-1024x576.jpg\" alt=\"Cooperativa FAVI UTP\" class=\"wp-image-754\" srcset=\"https:\/\/media2.utp.edu.co\/programas\/36\/Online-Workshop-Virtual-Meeting-Webinar-Hecho-con-PosterMyWall-1024x576.jpg 1024w, https:\/\/media2.utp.edu.co\/programas\/36\/Online-Workshop-Virtual-Meeting-Webinar-Hecho-con-PosterMyWall-300x169.jpg 300w, https:\/\/media2.utp.edu.co\/programas\/36\/Online-Workshop-Virtual-Meeting-Webinar-Hecho-con-PosterMyWall-768x432.jpg 768w, https:\/\/media2.utp.edu.co\/programas\/36\/Online-Workshop-Virtual-Meeting-Webinar-Hecho-con-PosterMyWall-1536x864.jpg 1536w, https:\/\/media2.utp.edu.co\/programas\/36\/Online-Workshop-Virtual-Meeting-Webinar-Hecho-con-PosterMyWall.jpg 1920w\" sizes=\"auto, (max-width: 1024px) 100vw, 1024px\" \/><\/figure>\n<\/div>\n<\/div>\n\n\n\n<div class=\"wp-block-group\"><div class=\"wp-block-group__inner-container is-layout-flow wp-block-group-is-layout-flow\">\n<div class=\"wp-block-columns is-layout-flex wp-container-core-columns-is-layout-9d6595d7 wp-block-columns-is-layout-flex\">\n<div class=\"wp-block-column is-layout-flow wp-block-column-is-layout-flow\">\n<figure class=\"wp-block-image size-large\"><img loading=\"lazy\" decoding=\"async\" width=\"1024\" height=\"1024\" src=\"https:\/\/media2.utp.edu.co\/programas\/36\/Auto-Repair-Service-Instagram-Post-Template-Hecho-con-PosterMyWall-1-1024x1024.jpg\" alt=\"Fasut\" class=\"wp-image-753\" srcset=\"https:\/\/media2.utp.edu.co\/programas\/36\/Auto-Repair-Service-Instagram-Post-Template-Hecho-con-PosterMyWall-1-1024x1024.jpg 1024w, https:\/\/media2.utp.edu.co\/programas\/36\/Auto-Repair-Service-Instagram-Post-Template-Hecho-con-PosterMyWall-1-300x300.jpg 300w, https:\/\/media2.utp.edu.co\/programas\/36\/Auto-Repair-Service-Instagram-Post-Template-Hecho-con-PosterMyWall-1-150x150.jpg 150w, https:\/\/media2.utp.edu.co\/programas\/36\/Auto-Repair-Service-Instagram-Post-Template-Hecho-con-PosterMyWall-1-768x768.jpg 768w, https:\/\/media2.utp.edu.co\/programas\/36\/Auto-Repair-Service-Instagram-Post-Template-Hecho-con-PosterMyWall-1.jpg 1080w\" sizes=\"auto, (max-width: 1024px) 100vw, 1024px\" \/><\/figure>\n<\/div>\n\n\n\n<div class=\"wp-block-column is-layout-flow wp-block-column-is-layout-flow\">\n<figure class=\"wp-block-image size-large\"><img loading=\"lazy\" decoding=\"async\" width=\"1024\" height=\"1024\" src=\"https:\/\/media2.utp.edu.co\/programas\/36\/covid-19-covid-19-vaccine-vaccination-Hecho-con-PosterMyWall-2-1-1024x1024.jpg\" alt=\"Icetex\" class=\"wp-image-755\" srcset=\"https:\/\/media2.utp.edu.co\/programas\/36\/covid-19-covid-19-vaccine-vaccination-Hecho-con-PosterMyWall-2-1-1024x1024.jpg 1024w, https:\/\/media2.utp.edu.co\/programas\/36\/covid-19-covid-19-vaccine-vaccination-Hecho-con-PosterMyWall-2-1-300x300.jpg 300w, https:\/\/media2.utp.edu.co\/programas\/36\/covid-19-covid-19-vaccine-vaccination-Hecho-con-PosterMyWall-2-1-150x150.jpg 150w, https:\/\/media2.utp.edu.co\/programas\/36\/covid-19-covid-19-vaccine-vaccination-Hecho-con-PosterMyWall-2-1-768x768.jpg 768w, https:\/\/media2.utp.edu.co\/programas\/36\/covid-19-covid-19-vaccine-vaccination-Hecho-con-PosterMyWall-2-1.jpg 1080w\" sizes=\"auto, (max-width: 1024px) 100vw, 1024px\" \/><\/figure>\n<\/div>\n<\/div>\n<\/div><\/div>\n\n\n<div class=\"wp-block-image\">\n<figure class=\"aligncenter size-full\"><img loading=\"lazy\" decoding=\"async\" width=\"582\" height=\"876\" src=\"https:\/\/media2.utp.edu.co\/programas\/36\/WhatsApp-Image-2023-03-01-at-5.15.11-PM.jpeg\" alt=\"Comfamiliar\" class=\"wp-image-756\" srcset=\"https:\/\/media2.utp.edu.co\/programas\/36\/WhatsApp-Image-2023-03-01-at-5.15.11-PM.jpeg 582w, https:\/\/media2.utp.edu.co\/programas\/36\/WhatsApp-Image-2023-03-01-at-5.15.11-PM-199x300.jpeg 199w\" sizes=\"auto, (max-width: 582px) 100vw, 582px\" \/><\/figure>\n<\/div>","protected":false},"excerpt":{"rendered":"<p>Valor de la matr\u00edcula: 6SMMLV<\/p>\n","protected":false},"author":1,"featured_media":0,"parent":0,"menu_order":0,"comment_status":"closed","ping_status":"closed","template":"","meta":{"footnotes":""},"class_list":["post-648","page","type-page","status-publish","hentry"],"_links":{"self":[{"href":"https:\/\/basicas.utp.edu.co\/especializacion-en-ensenanza-de-la-fisica\/wp-json\/wp\/v2\/pages\/648","targetHints":{"allow":["GET"]}}],"collection":[{"href":"https:\/\/basicas.utp.edu.co\/especializacion-en-ensenanza-de-la-fisica\/wp-json\/wp\/v2\/pages"}],"about":[{"href":"https:\/\/basicas.utp.edu.co\/especializacion-en-ensenanza-de-la-fisica\/wp-json\/wp\/v2\/types\/page"}],"author":[{"embeddable":true,"href":"https:\/\/basicas.utp.edu.co\/especializacion-en-ensenanza-de-la-fisica\/wp-json\/wp\/v2\/users\/1"}],"replies":[{"embeddable":true,"href":"https:\/\/basicas.utp.edu.co\/especializacion-en-ensenanza-de-la-fisica\/wp-json\/wp\/v2\/comments?post=648"}],"version-history":[{"count":5,"href":"https:\/\/basicas.utp.edu.co\/especializacion-en-ensenanza-de-la-fisica\/wp-json\/wp\/v2\/pages\/648\/revisions"}],"predecessor-version":[{"id":767,"href":"https:\/\/basicas.utp.edu.co\/especializacion-en-ensenanza-de-la-fisica\/wp-json\/wp\/v2\/pages\/648\/revisions\/767"}],"wp:attachment":[{"href":"https:\/\/basicas.utp.edu.co\/especializacion-en-ensenanza-de-la-fisica\/wp-json\/wp\/v2\/media?parent=648"}],"curies":[{"name":"wp","href":"https:\/\/api.w.org\/{rel}","templated":true}]}}