{"id":10082,"date":"2022-08-09T16:54:29","date_gmt":"2022-08-09T21:54:29","guid":{"rendered":"https:\/\/basicas.utp.edu.co\/instrumentacion-fisica\/?page_id=10082"},"modified":"2023-03-03T14:52:36","modified_gmt":"2023-03-03T19:52:36","slug":"inversion-y-financiacion","status":"publish","type":"page","link":"https:\/\/basicas.utp.edu.co\/maestria-instrumentacion-fisica\/inversion-y-financiacion\/","title":{"rendered":"Inversi\u00f3n y Financiaci\u00f3n"},"content":{"rendered":"\n<p><span class=\"post-content__span\"> Valor de la matricula: 5.2SMMLV<\/p>\n\n\n\n<figure class=\"wp-block-image size-large\"><img loading=\"lazy\" decoding=\"async\" width=\"1024\" height=\"1024\" src=\"https:\/\/media2.utp.edu.co\/programas\/39\/Senior-care-services-instagram-template-Hecho-con-PosterMyWall-1024x1024.jpg\" alt=\"\" class=\"wp-image-10258\" srcset=\"https:\/\/media2.utp.edu.co\/programas\/39\/Senior-care-services-instagram-template-Hecho-con-PosterMyWall-1024x1024.jpg 1024w, https:\/\/media2.utp.edu.co\/programas\/39\/Senior-care-services-instagram-template-Hecho-con-PosterMyWall-300x300.jpg 300w, https:\/\/media2.utp.edu.co\/programas\/39\/Senior-care-services-instagram-template-Hecho-con-PosterMyWall-150x150.jpg 150w, https:\/\/media2.utp.edu.co\/programas\/39\/Senior-care-services-instagram-template-Hecho-con-PosterMyWall-768x768.jpg 768w, https:\/\/media2.utp.edu.co\/programas\/39\/Senior-care-services-instagram-template-Hecho-con-PosterMyWall.jpg 1080w\" sizes=\"auto, (max-width: 1024px) 100vw, 1024px\" \/><\/figure>\n\n\n\n<div class=\"wp-block-columns is-layout-flex wp-container-core-columns-is-layout-9d6595d7 wp-block-columns-is-layout-flex\">\n<div class=\"wp-block-column is-layout-flow wp-block-column-is-layout-flow\">\n<figure class=\"wp-block-image size-large\"><img loading=\"lazy\" decoding=\"async\" width=\"1024\" height=\"1024\" src=\"https:\/\/media2.utp.edu.co\/programas\/39\/Auto-Repair-Service-Instagram-Post-Template-Hecho-con-PosterMyWall-1024x1024.jpg\" alt=\"\" class=\"wp-image-10259\" srcset=\"https:\/\/media2.utp.edu.co\/programas\/39\/Auto-Repair-Service-Instagram-Post-Template-Hecho-con-PosterMyWall-1024x1024.jpg 1024w, https:\/\/media2.utp.edu.co\/programas\/39\/Auto-Repair-Service-Instagram-Post-Template-Hecho-con-PosterMyWall-300x300.jpg 300w, https:\/\/media2.utp.edu.co\/programas\/39\/Auto-Repair-Service-Instagram-Post-Template-Hecho-con-PosterMyWall-150x150.jpg 150w, https:\/\/media2.utp.edu.co\/programas\/39\/Auto-Repair-Service-Instagram-Post-Template-Hecho-con-PosterMyWall-768x768.jpg 768w, https:\/\/media2.utp.edu.co\/programas\/39\/Auto-Repair-Service-Instagram-Post-Template-Hecho-con-PosterMyWall.jpg 1080w\" sizes=\"auto, (max-width: 1024px) 100vw, 1024px\" \/><\/figure>\n<\/div>\n\n\n\n<div class=\"wp-block-column is-layout-flow wp-block-column-is-layout-flow\">\n<figure class=\"wp-block-image size-large\"><img loading=\"lazy\" decoding=\"async\" width=\"1024\" height=\"1024\" src=\"https:\/\/media2.utp.edu.co\/programas\/39\/covid-19-covid-19-vaccine-vaccination-Hecho-con-PosterMyWall-2-1024x1024.jpg\" alt=\"\" class=\"wp-image-10261\" srcset=\"https:\/\/media2.utp.edu.co\/programas\/39\/covid-19-covid-19-vaccine-vaccination-Hecho-con-PosterMyWall-2-1024x1024.jpg 1024w, https:\/\/media2.utp.edu.co\/programas\/39\/covid-19-covid-19-vaccine-vaccination-Hecho-con-PosterMyWall-2-300x300.jpg 300w, https:\/\/media2.utp.edu.co\/programas\/39\/covid-19-covid-19-vaccine-vaccination-Hecho-con-PosterMyWall-2-150x150.jpg 150w, https:\/\/media2.utp.edu.co\/programas\/39\/covid-19-covid-19-vaccine-vaccination-Hecho-con-PosterMyWall-2-768x768.jpg 768w, https:\/\/media2.utp.edu.co\/programas\/39\/covid-19-covid-19-vaccine-vaccination-Hecho-con-PosterMyWall-2.jpg 1080w\" sizes=\"auto, (max-width: 1024px) 100vw, 1024px\" \/><\/figure>\n<\/div>\n<\/div>\n\n\n\n<figure class=\"wp-block-image size-large\"><img loading=\"lazy\" decoding=\"async\" width=\"1024\" height=\"576\" src=\"https:\/\/media2.utp.edu.co\/programas\/39\/Online-Workshop-Virtual-Meeting-Webinar-Hecho-con-PosterMyWall-1024x576.jpg\" alt=\"\" class=\"wp-image-10262\" srcset=\"https:\/\/media2.utp.edu.co\/programas\/39\/Online-Workshop-Virtual-Meeting-Webinar-Hecho-con-PosterMyWall-1024x576.jpg 1024w, https:\/\/media2.utp.edu.co\/programas\/39\/Online-Workshop-Virtual-Meeting-Webinar-Hecho-con-PosterMyWall-300x169.jpg 300w, https:\/\/media2.utp.edu.co\/programas\/39\/Online-Workshop-Virtual-Meeting-Webinar-Hecho-con-PosterMyWall-768x432.jpg 768w, https:\/\/media2.utp.edu.co\/programas\/39\/Online-Workshop-Virtual-Meeting-Webinar-Hecho-con-PosterMyWall-1536x864.jpg 1536w, https:\/\/media2.utp.edu.co\/programas\/39\/Online-Workshop-Virtual-Meeting-Webinar-Hecho-con-PosterMyWall.jpg 1920w\" sizes=\"auto, (max-width: 1024px) 100vw, 1024px\" \/><\/figure>\n\n\n<div class=\"wp-block-image\">\n<figure class=\"aligncenter size-full is-resized\"><img loading=\"lazy\" decoding=\"async\" src=\"https:\/\/media2.utp.edu.co\/programas\/39\/WhatsApp-Image-2023-03-01-at-5.15.11-PM.jpeg\" alt=\"\" class=\"wp-image-10263\" width=\"582\" height=\"876\" srcset=\"https:\/\/media2.utp.edu.co\/programas\/39\/WhatsApp-Image-2023-03-01-at-5.15.11-PM.jpeg 582w, https:\/\/media2.utp.edu.co\/programas\/39\/WhatsApp-Image-2023-03-01-at-5.15.11-PM-199x300.jpeg 199w\" sizes=\"auto, (max-width: 582px) 100vw, 582px\" \/><\/figure>\n<\/div>\n\n\n<p><span class=\"post-content__span\"> S\u00edguenos en nuestras redes sociales dando click en los logos:<\/p>\n\n\n\n<div class=\"wp-block-group\"><div class=\"wp-block-group__inner-container is-layout-flow wp-block-group-is-layout-flow\">\n<div class=\"wp-block-buttons is-content-justification-right is-layout-flex wp-container-core-buttons-is-layout-765c4724 wp-block-buttons-is-layout-flex\">\n<div class=\"wp-block-button has-custom-width wp-block-button__width-25 has-custom-font-size is-style-outline has-small-font-size is-style-outline--1\"><a class=\"wp-block-button__link has-white-background-color has-background\" href=\"https:\/\/www.instagram.com\/maestria.if.utp\/\" style=\"border-radius:0px\" target=\"_blank\" rel=\"noreferrer noopener\"><img loading=\"lazy\" decoding=\"async\" width=\"3840\" height=\"2160\" class=\"wp-image-10272\" style=\"width: 50px\" src=\"https:\/\/media2.utp.edu.co\/programas\/39\/Instagram-Logo-2016.png\" alt=\"\" srcset=\"https:\/\/media2.utp.edu.co\/programas\/39\/Instagram-Logo-2016.png 3840w, https:\/\/media2.utp.edu.co\/programas\/39\/Instagram-Logo-2016-300x169.png 300w, https:\/\/media2.utp.edu.co\/programas\/39\/Instagram-Logo-2016-1024x576.png 1024w, https:\/\/media2.utp.edu.co\/programas\/39\/Instagram-Logo-2016-768x432.png 768w, https:\/\/media2.utp.edu.co\/programas\/39\/Instagram-Logo-2016-1536x864.png 1536w, https:\/\/media2.utp.edu.co\/programas\/39\/Instagram-Logo-2016-2048x1152.png 2048w\" sizes=\"auto, (max-width: 3840px) 100vw, 3840px\" \/>@maestria.if.utp<\/a><\/div>\n\n\n\n<div class=\"wp-block-button has-custom-width wp-block-button__width-25 has-custom-font-size is-style-outline has-small-font-size is-style-outline--2\"><a class=\"wp-block-button__link has-white-background-color has-background\" href=\"https:\/\/www.facebook.com\/profile.php?id=100090596587061&amp;mibextid=ZbWKwL\" style=\"border-radius:0px\" target=\"_blank\" rel=\"noreferrer noopener\"><img loading=\"lazy\" decoding=\"async\" width=\"2048\" height=\"2048\" class=\"wp-image-10273\" style=\"width: 50px\" src=\"https:\/\/media2.utp.edu.co\/programas\/39\/Facebook_Home_logo_old.svg_.png\" alt=\"\" srcset=\"https:\/\/media2.utp.edu.co\/programas\/39\/Facebook_Home_logo_old.svg_.png 2048w, https:\/\/media2.utp.edu.co\/programas\/39\/Facebook_Home_logo_old.svg_-300x300.png 300w, https:\/\/media2.utp.edu.co\/programas\/39\/Facebook_Home_logo_old.svg_-1024x1024.png 1024w, https:\/\/media2.utp.edu.co\/programas\/39\/Facebook_Home_logo_old.svg_-150x150.png 150w, https:\/\/media2.utp.edu.co\/programas\/39\/Facebook_Home_logo_old.svg_-768x768.png 768w, https:\/\/media2.utp.edu.co\/programas\/39\/Facebook_Home_logo_old.svg_-1536x1536.png 1536w\" sizes=\"auto, (max-width: 2048px) 100vw, 2048px\" \/>Maestr\u00eda en Instrumentaci\u00f3n F\u00edsica <\/a><\/div>\n\n\n<\/div>\n<\/div><\/div>\n","protected":false},"excerpt":{"rendered":"<p>Valor de la matricula: 5.2SMMLV S\u00edguenos en nuestras redes sociales dando click en los logos:<\/p>\n","protected":false},"author":1,"featured_media":0,"parent":0,"menu_order":0,"comment_status":"closed","ping_status":"closed","template":"","meta":{"footnotes":""},"class_list":["post-10082","page","type-page","status-publish","hentry"],"_links":{"self":[{"href":"https:\/\/basicas.utp.edu.co\/maestria-instrumentacion-fisica\/wp-json\/wp\/v2\/pages\/10082","targetHints":{"allow":["GET"]}}],"collection":[{"href":"https:\/\/basicas.utp.edu.co\/maestria-instrumentacion-fisica\/wp-json\/wp\/v2\/pages"}],"about":[{"href":"https:\/\/basicas.utp.edu.co\/maestria-instrumentacion-fisica\/wp-json\/wp\/v2\/types\/page"}],"author":[{"embeddable":true,"href":"https:\/\/basicas.utp.edu.co\/maestria-instrumentacion-fisica\/wp-json\/wp\/v2\/users\/1"}],"replies":[{"embeddable":true,"href":"https:\/\/basicas.utp.edu.co\/maestria-instrumentacion-fisica\/wp-json\/wp\/v2\/comments?post=10082"}],"version-history":[{"count":5,"href":"https:\/\/basicas.utp.edu.co\/maestria-instrumentacion-fisica\/wp-json\/wp\/v2\/pages\/10082\/revisions"}],"predecessor-version":[{"id":10277,"href":"https:\/\/basicas.utp.edu.co\/maestria-instrumentacion-fisica\/wp-json\/wp\/v2\/pages\/10082\/revisions\/10277"}],"wp:attachment":[{"href":"https:\/\/basicas.utp.edu.co\/maestria-instrumentacion-fisica\/wp-json\/wp\/v2\/media?parent=10082"}],"curies":[{"name":"wp","href":"https:\/\/api.w.org\/{rel}","templated":true}]}}